{"id":2,"date":"2025-01-05T11:18:07","date_gmt":"2025-01-05T08:18:07","guid":{"rendered":"http:\/\/localhost\/alobya\/?page_id=2"},"modified":"2025-02-22T23:04:44","modified_gmt":"2025-02-22T20:04:44","slug":"hakkimizda","status":"publish","type":"page","link":"https:\/\/www.alobya.com\/tr\/hakkimizda\/","title":{"rendered":"Hakk\u0131m\u0131zda"},"content":{"rendered":"\n<div class=\"wp-block-media-text has-media-on-the-right is-stacked-on-mobile\"><div class=\"wp-block-media-text__content\">\n<p>1994 y\u0131l\u0131nda Denizli\u2019de kurulan Alobya Home, ev tekstili ve dekorasyonu alan\u0131nda kaliteyi ve \u015f\u0131kl\u0131\u011f\u0131 bir araya getiren k\u00f6kl\u00fc bir markad\u0131r. Uzun y\u0131llara dayanan tecr\u00fcbemizle, evlerinize hem estetik hem de fonksiyonellik katacak \u00fcr\u00fcnler tasarl\u0131yoruz.<\/p>\n\n\n\n<p>Geni\u015f \u00fcr\u00fcn yelpazemizle; <strong>mutfak, banyo, hal\u0131-kilim-paspas, dekorasyon, yatak odas\u0131, \u00e7eyiz, temizlik ve hediyelik kategorilerinde<\/strong> ihtiya\u00e7lar\u0131n\u0131za uygun \u00e7\u00f6z\u00fcmler sunuyoruz. Her biri \u00f6zenle tasarlanm\u0131\u015f \u00fcr\u00fcnlerimiz, hem g\u00fcnl\u00fck kullan\u0131mda pratiklik sa\u011flarken hem de ya\u015fam alanlar\u0131n\u0131za zarafet katmay\u0131 hedefler.<\/p>\n\n\n\n<p>G\u00fcn\u00fcm\u00fcz\u00fcn modern al\u0131\u015fveri\u015f trendlerine uyum sa\u011flayarak, online ticaret platformlar\u0131nda m\u00fc\u015fterilerimize ula\u015fmay\u0131 \u00f6nemsiyoruz. <strong>Trendyol<\/strong> ve <strong>Hepsiburada<\/strong> ma\u011fazalar\u0131m\u0131zda yer alan Alobya Home \u00fcr\u00fcnleri, kalitemizi ve g\u00fcvenilirli\u011fimizi geni\u015f bir kitleyle bulu\u015fturuyor.<\/p>\n\n\n\n<p>Ev tekstilinden dekorasyona, hediye se\u00e7eneklerinden \u00e7eyiz \u00fcr\u00fcnlerine kadar geni\u015f bir yelpazede \u00fcretti\u011fimiz \u00fcr\u00fcnlerimizde, yenilik\u00e7i tasar\u0131mlar ve dayan\u0131kl\u0131l\u0131\u011f\u0131 \u00f6n planda tutuyoruz. Alobya Home olarak, her evin kendine \u00f6zg\u00fc bir hik\u00e2yesi oldu\u011funa inan\u0131yor ve sizinle birlikte bu hik\u00e2yeyi g\u00fczelle\u015ftirmek i\u00e7in \u00e7al\u0131\u015f\u0131yoruz.<\/p>\n\n\n\n<p>Alobya Home, ge\u00e7mi\u015ften gelen tecr\u00fcbesi ve yenilik\u00e7i vizyonuyla evinizi g\u00fczelle\u015ftirmeye devam ediyor.<\/p>\n<\/div><figure class=\"wp-block-media-text__media\"><img loading=\"lazy\" decoding=\"async\" width=\"683\" height=\"1024\" src=\"http:\/\/www.alobya.com\/v2\/wp-content\/uploads\/2025\/02\/mutfak-havlusu-antrasitdalga-1-683x1024.jpg\" alt=\"\" class=\"wp-image-457 size-full\" srcset=\"https:\/\/www.alobya.com\/tr\/wp-content\/uploads\/2025\/02\/mutfak-havlusu-antrasitdalga-1-683x1024.jpg 683w, https:\/\/www.alobya.com\/tr\/wp-content\/uploads\/2025\/02\/mutfak-havlusu-antrasitdalga-1-200x300.jpg 200w, https:\/\/www.alobya.com\/tr\/wp-content\/uploads\/2025\/02\/mutfak-havlusu-antrasitdalga-1-768x1152.jpg 768w, https:\/\/www.alobya.com\/tr\/wp-content\/uploads\/2025\/02\/mutfak-havlusu-antrasitdalga-1-1024x1536.jpg 1024w, https:\/\/www.alobya.com\/tr\/wp-content\/uploads\/2025\/02\/mutfak-havlusu-antrasitdalga-1-720x1080.jpg 720w, https:\/\/www.alobya.com\/tr\/wp-content\/uploads\/2025\/02\/mutfak-havlusu-antrasitdalga-1.jpg 1280w\" sizes=\"(max-width: 683px) 100vw, 683px\" \/><\/figure><\/div>\n","protected":false},"excerpt":{"rendered":"<p>1994 y\u0131l\u0131nda Denizli\u2019de kurulan Alobya Home, ev tekstili ve dekorasyonu alan\u0131nda kaliteyi ve \u015f\u0131kl\u0131\u011f\u0131 bir araya getiren k\u00f6kl\u00fc bir markad\u0131r. Uzun y\u0131llara dayanan tecr\u00fcbemizle, evlerinize hem estetik hem de fonksiyonellik katacak \u00fcr\u00fcnler tasarl\u0131yoruz. Geni\u015f \u00fcr\u00fcn yelpazemizle; mutfak, banyo, hal\u0131-kilim-paspas, dekorasyon, yatak odas\u0131, \u00e7eyiz, temizlik ve hediyelik kategorilerinde ihtiya\u00e7lar\u0131n\u0131za uygun \u00e7\u00f6z\u00fcmler sunuyoruz. Her biri \u00f6zenle tasarlanm\u0131\u015f [&hellip;]<\/p>\n","protected":false},"author":1,"featured_media":0,"parent":0,"menu_order":0,"comment_status":"closed","ping_status":"open","template":"","meta":{"saved_in_kubio":true,"footnotes":""},"class_list":["post-2","page","type-page","status-publish","hentry"],"kubio_ai_page_context":{"short_desc":"","purpose":"general"},"_links":{"self":[{"href":"https:\/\/www.alobya.com\/tr\/wp-json\/wp\/v2\/pages\/2","targetHints":{"allow":["GET"]}}],"collection":[{"href":"https:\/\/www.alobya.com\/tr\/wp-json\/wp\/v2\/pages"}],"about":[{"href":"https:\/\/www.alobya.com\/tr\/wp-json\/wp\/v2\/types\/page"}],"author":[{"embeddable":true,"href":"https:\/\/www.alobya.com\/tr\/wp-json\/wp\/v2\/users\/1"}],"replies":[{"embeddable":true,"href":"https:\/\/www.alobya.com\/tr\/wp-json\/wp\/v2\/comments?post=2"}],"version-history":[{"count":7,"href":"https:\/\/www.alobya.com\/tr\/wp-json\/wp\/v2\/pages\/2\/revisions"}],"predecessor-version":[{"id":475,"href":"https:\/\/www.alobya.com\/tr\/wp-json\/wp\/v2\/pages\/2\/revisions\/475"}],"wp:attachment":[{"href":"https:\/\/www.alobya.com\/tr\/wp-json\/wp\/v2\/media?parent=2"}],"curies":[{"name":"wp","href":"https:\/\/api.w.org\/{rel}","templated":true}]}}